{"id":4034,"date":"2020-08-11T11:10:50","date_gmt":"2020-08-11T09:10:50","guid":{"rendered":"https:\/\/www.culinoa.be\/oplossing-voor-het-beheer\/"},"modified":"2021-12-15T09:54:58","modified_gmt":"2021-12-15T08:54:58","slug":"oplossing-voor-het-beheer","status":"publish","type":"page","link":"https:\/\/culinoa.poush-dev.be\/nl\/diensten\/oplossing-voor-het-beheer\/","title":{"rendered":"Beheersoplossing."},"content":{"rendered":"<div class=\"wpb-content-wrapper\"><p>[vc_row css=&#8221;.vc_custom_1519917515667{margin-bottom: 30px !important;}&#8221;][vc_column css_animation=&#8221;appear&#8221; width=&#8221;2\/3&#8243; css=&#8221;.vc_custom_1519834912698{border-top-width: 2px !important;border-right-width: 2px !important;border-bottom-width: 2px !important;border-left-width: 2px !important;padding-top: 25px !important;padding-right: 25px !important;padding-bottom: 25px !important;padding-left: 25px !important;border-left-color: rgba(97,122,125,0.2) !important;border-left-style: dotted !important;border-right-color: rgba(97,122,125,0.2) !important;border-right-style: dotted !important;border-top-color: rgba(97,122,125,0.2) !important;border-top-style: dotted !important;border-bottom-color: rgba(97,122,125,0.2) !important;border-bottom-style: dotted !important;}&#8221;]<div id=\"ultimate-heading-803769ee579f6006e\" class=\"uvc-heading ult-adjust-bottom-margin ultimate-heading-803769ee579f6006e uvc-8086 \" data-hspacer=\"line_with_icon\" data-hline_width=\"200\" data-hicon_type=\"selector\" data-hborder_style=\"solid\" data-hborder_height=\"2\" data-hborder_color=\"rgba(97,122,125,0.2)\" data-icon_width=\"25\" data-hfixer=\"10\"  data-halign=\"center\" style=\"text-align:center\"><div class=\"uvc-heading-spacer line_with_icon\" style=\"margin-top:10px;margin-bottom:20px;height:25px;\"><div class=\"ult-just-icon-wrapper  \"><div class=\"align-icon\" style=\"text-align:center;\">\n<div class=\"aio-icon circle \"  style=\"color:#ffffff;background:#ef7d00;font-size:25px;display:inline-block;\">\n\t<i class=\"Defaults-question\"><\/i>\n<\/div><\/div><\/div><\/div><div class=\"uvc-main-heading ult-responsive\"  data-ultimate-target='.uvc-heading.ultimate-heading-803769ee579f6006e h2'  data-responsive-json-new='{\"font-size\":\"desktop:23px;\",\"line-height\":\"desktop:30px;\"}' ><h2 style=\"font-weight:bold;margin-bottom:20px;\">Kent u de juiste kostprijs van uw maaltijden?<\/h2><\/div><div class=\"uvc-sub-heading ult-responsive\"  data-ultimate-target='.uvc-heading.ultimate-heading-803769ee579f6006e .uvc-sub-heading '  data-responsive-json-new='{\"font-size\":\"desktop:16px;\",\"line-height\":\"desktop:25px;\"}'  style=\"font-weight:normal;margin-bottom:20px;\">Hoge kosten betekenen niet altijd goede kwaliteit, terwijl lage kosten niet noodzakelijkerwijs slechte kwaliteit betekenen. Het is daarom van essentieel belang dat u beschikt over een duidelijk overzicht van uw kosten en verbruik. Op die manier kunt u een uitstekende prijs\/kwaliteitsverhouding garanderen.<\/p>\n<p>Met onze software kunt u voortdurend al uw kosten opvolgen en beschikt u over effici\u00ebnte beheersindicatoren, steeds mits het voorkomen van verspilling.<\/div><\/div>[\/vc_column][vc_column width=&#8221;1\/3&#8243;][vc_widget_sidebar sidebar_id=&#8221;sidebar_4&#8243;][\/vc_column][\/vc_row][vc_row bg_type=&#8221;bg_color&#8221;][vc_column css_animation=&#8221;left-to-right&#8221; width=&#8221;1\/6&#8243; el_class=&#8221;custom-zindex&#8221;]<div id=\"ultimate-heading-926669ee579f600af\" class=\"uvc-heading ult-adjust-bottom-margin ultimate-heading-926669ee579f600af uvc-4572 \" data-hspacer=\"line_only\"  data-halign=\"right\" style=\"text-align:right\"><div class=\"uvc-main-heading ult-responsive\"  data-ultimate-target='.uvc-heading.ultimate-heading-926669ee579f600af p'  data-responsive-json-new='{\"font-size\":\"desktop:25px;\",\"line-height\":\"desktop:32px;\"}' ><p style=\"--font-weight:theme;margin-top:50px;margin-bottom:20px;\">De gemeenschap heeft smaak.<\/p><\/div><div class=\"uvc-heading-spacer line_only\" style=\"margin-bottom:60px;height:2px;\"><span class=\"uvc-headings-line\" style=\"border-style:solid;border-bottom-width:2px;border-color:#ef7d00;width:120px;\"><\/span><\/div><\/div>[\/vc_column][vc_column css_animation=&#8221;none&#8221; width=&#8221;1\/3&#8243;][vc_single_image image=&#8221;3451&#8243; img_size=&#8221;full&#8221; css_animation=&#8221;left-to-right&#8221;][\/vc_column][vc_column width=&#8221;1\/2&#8243;][vc_column_text]<\/p>\n<h3>Zijn beheer ver\u00e9\u00e9nvoudigen voor kwaliteit zonder compromissen.<\/h3>\n<p>[\/vc_column_text][vc_column_text]Onze roeping bij Culinoa is te zorgen dat de collectieve catering terug wordt gewaardeerd. Wij zijn van mening dat koken voor gemeenschappen een kunst is die we wensen te delen met uw chefs en uw bewoners. Juist daarom hechten we veel belang aan de kwaliteit van de menu&#8217;s die we ontwikkelen en bieden we u smakelijke gerechten, aangepast aan de verwachtingen van uw bewoners.[\/vc_column_text][vc_column_text]<\/p>\n<p class=\"p1\">Maar Culinoa zal ook de keukenverantwoordelijke bijstaan in het beter beheren van zijn keuken. Wij zijn van mening dat de kwaliteit van de maaltijdzorg ook wordt bevorderd door een goed beheer. Dit moet eenvoudig en effici\u00ebnt zijn. Daarom hebben we een software voor het beheer van collectieve keukens ontwikkeld: ISIREST.<\/p>\n<p>[\/vc_column_text][\/vc_column][\/vc_row][vc_row bg_type=&#8221;image&#8221; parallax_style=&#8221;vcpb-default&#8221; bg_image_new=&#8221;id^806|url^https:\/\/culinoa.poush-dev.be\/wp-content\/uploads\/2018\/05\/couvert-manger-plat.jpg|caption^null|alt^null|title^couvert-manger-plat|description^null&#8221; bg_image_repeat=&#8221;no-repeat&#8221; bg_image_size=&#8221;contain&#8221; bg_image_posiiton=&#8221;right bottom&#8221; bg_override=&#8221;ex-full&#8221; css=&#8221;.vc_custom_1525350218051{margin-bottom: 0px !important;}&#8221;][vc_column css_animation=&#8221;left-to-right&#8221; width=&#8221;2\/3&#8243; css=&#8221;.vc_custom_1524736361413{background-color: rgba(255,255,255,0.9) !important;*background-color: rgb(255,255,255) !important;}&#8221;][vc_column_text]<\/p>\n<h3>Automatisering van het beheer van zijn gemeenschapskeuken.<\/h3>\n<p>[\/vc_column_text][vc_column_text css=&#8221;.vc_custom_1524736319254{padding-bottom: 30px !important;}&#8221;]<\/p>\n<p class=\"p1\">Het beheer van een gemeenschapskeuken is soms erg ingewikkeld. De juiste verhoudingen van een recept berekenen, de voorraden nakijken, bestellingen plaatsen, op de kosten letten &#8230; De verantwoordelijke van de dienst maaltijdzorg moet alle aspecten van zijn keuken beheren zodat deze functioneel kan werken. Jammer genoeg gebeurt dit soms ten koste van de kwaliteit van de maaltijden.<\/p>\n<p>Overweeg om een softwaretool te gebruiken en dit voor het ver\u00e9\u00e9nvoudigen van het beheer van uw dienst maaltijdzorg. Dankzij dit systeem kunt u uw keuken gemakkelijker en effici\u00ebnter beheren. En als dit beheer geen probleem meer vormt, kunt u zich volop richten op de kwaliteit en de smaak van uw maaltijden.[\/vc_column_text][\/vc_column][vc_column css_animation=&#8221;right-to-left&#8221; width=&#8221;1\/3&#8243;][\/vc_column][\/vc_row][vc_row equal_height=&#8221;yes&#8221; bg_type=&#8221;image&#8221; parallax_style=&#8221;vcpb-default&#8221; bg_image_new=&#8221;id^807|url^https:\/\/culinoa.poush-dev.be\/wp-content\/uploads\/2018\/05\/equipe-cuisiniers-chefs.jpg|caption^null|alt^null|title^equipe-cuisiniers-chefs|description^null&#8221; bg_image_repeat=&#8221;no-repeat&#8221; bg_img_attach=&#8221;fixed&#8221; bg_override=&#8221;ex-full&#8221; parallax_content=&#8221;parallax_content_value&#8221; seperator_enable=&#8221;seperator_enable_value&#8221; seperator_type=&#8221;circle_svg_seperator&#8221; seperator_position=&#8221;top_bottom_seperator&#8221; seperator_svg_height=&#8221;30&#8243; css=&#8221;.vc_custom_1525350211184{margin-bottom: 30px !important;padding-top: 50px !important;padding-bottom: 50px !important;}&#8221;][vc_column]<div class=\"ult-just-icon-wrapper   vc_custom_1519920567886\"><div class=\"align-icon\" style=\"text-align:center;\">\n<div class=\"aio-icon none \" data-animation=\"fadeInUp\" data-animation-delay=\"03\" style=\"color:#ef7d00;font-size:10px;display:inline-block;\">\n\t<i class=\"Defaults-circle\"><\/i>\n<\/div><\/div><\/div><div class=\"ult-just-icon-wrapper   vc_custom_1519920553227\"><div class=\"align-icon\" style=\"text-align:center;\">\n<div class=\"aio-icon none \" data-animation=\"fadeInUp\" data-animation-delay=\"03\" style=\"color:#ef7d00;font-size:20px;display:inline-block;\">\n\t<i class=\"Defaults-circle\"><\/i>\n<\/div><\/div><\/div><div id=\"ultimate-heading-236269ee579f60118\" class=\"uvc-heading ult-adjust-bottom-margin ultimate-heading-236269ee579f60118 uvc-6852 \" data-hspacer=\"no_spacer\"  data-halign=\"center\" style=\"text-align:center\"><div class=\"uvc-heading-spacer no_spacer\" style=\"top\"><\/div><div class=\"uvc-main-heading ult-responsive\"  data-ultimate-target='.uvc-heading.ultimate-heading-236269ee579f60118 p'  data-responsive-json-new='{\"font-size\":\"desktop:30px;\",\"line-height\":\"desktop:40px;\"}' ><p style=\"font-weight:bold;color:#ffffff;margin-top:15px;margin-bottom:15px;\">Tesamen gaan we het verschil proeven.<\/p><\/div><\/div><div class=\"ult-just-icon-wrapper   vc_custom_1519920639806\"><div class=\"align-icon\" style=\"text-align:center;\">\n<div class=\"aio-icon none \" data-animation=\"fadeInDown\" data-animation-delay=\"03\" style=\"color:#ef7d00;font-size:20px;display:inline-block;\">\n\t<i class=\"Defaults-circle\"><\/i>\n<\/div><\/div><\/div><div class=\"ult-just-icon-wrapper   vc_custom_1519920645558\"><div class=\"align-icon\" style=\"text-align:center;\">\n<div class=\"aio-icon none \" data-animation=\"fadeInDown\" data-animation-delay=\"03\" style=\"color:#ef7d00;font-size:10px;display:inline-block;\">\n\t<i class=\"Defaults-circle\"><\/i>\n<\/div><\/div><\/div>[\/vc_column][\/vc_row][vc_row gap=&#8221;20&#8243; equal_height=&#8221;yes&#8221; bg_type=&#8221;bg_color&#8221;][vc_column css_animation=&#8221;bottom-to-top&#8221; width=&#8221;2\/3&#8243;][vc_column_text]<\/p>\n<h2>Onze beheersoftware, ISIREST<\/h2>\n<p>[\/vc_column_text][vc_column_text]<\/p>\n<p class=\"p1\">Bij Culinoa hebben we onze eigen beheertool ontwikkeld: ISIREST. Deze intu\u00eftieve en gebruiksvriendelijke software werd ontworpen door koks voor koks. Het bevat de databanken van verschillende leveranciers en de details van al onze recepten.<\/p>\n<p>Wat is de bedoeling? U te helpen in het goed beheren van uw kosten en tegelijkertijd de kwaliteit van uw dienst te garanderen. Het systeem geeft u de mogelijkheid om alle informatie met betrekking tot de dienst maaltijdzorg overzichtelijk te centraliseren, op te slagen en te analyseren.<\/p>\n<h3>Welke aspecten van uw dienst maaltijdzorg kunt u beheren dankzij ISIREST ?<\/h3>\n<p>[\/vc_column_text][vc_row_inner][vc_column_inner width=&#8221;1\/2&#8243;]<div class=\"uavc-list-icon uavc-list-icon-wrapper ult-adjust-bottom-margin   \"><ul class=\"uavc-list\"><li><div class=\"uavc-list-content\" id=\"list-icon-wrap-5418\">\n<div class=\"uavc-list-icon  \" data-animation=\"\" data-animation-delay=\"03\" style=\"margin-right:10px;\"><div class=\"ult-just-icon-wrapper  \"><div class=\"align-icon\" style=\"text-align:center;\">\n<div class=\"aio-icon-img \" style=\"font-size:30px;display:inline-block;\" >\n\t<img class=\"img-icon\" alt=\"null\" src=\"https:\/\/culinoa.poush-dev.be\/wp-content\/uploads\/2018\/02\/culinoa-32.png\"\/>\n<\/div><\/div><\/div>\n<\/div><span  data-ultimate-target='#list-icon-wrap-5418 .uavc-list-desc'  data-responsive-json-new='{\"font-size\":\"\",\"line-height\":\"\"}'  class=\"uavc-list-desc ult-responsive\" style=\"\">De planning van de maaltijden en de menu&#8217;s<\/span><\/div><\/li><li><div class=\"uavc-list-content\" id=\"list-icon-wrap-6449\">\n<div class=\"uavc-list-icon  \" data-animation=\"\" data-animation-delay=\"03\" style=\"margin-right:10px;\"><div class=\"ult-just-icon-wrapper  \"><div class=\"align-icon\" style=\"text-align:center;\">\n<div class=\"aio-icon-img \" style=\"font-size:30px;display:inline-block;\" >\n\t<img class=\"img-icon\" alt=\"null\" src=\"https:\/\/culinoa.poush-dev.be\/wp-content\/uploads\/2018\/02\/culinoa-32.png\"\/>\n<\/div><\/div><\/div>\n<\/div><span  data-ultimate-target='#list-icon-wrap-6449 .uavc-list-desc'  data-responsive-json-new='{\"font-size\":\"\",\"line-height\":\"\"}'  class=\"uavc-list-desc ult-responsive\" style=\"\">De receptkaarten<\/span><\/div><\/li><li><div class=\"uavc-list-content\" id=\"list-icon-wrap-5021\">\n<div class=\"uavc-list-icon  \" data-animation=\"\" data-animation-delay=\"03\" style=\"margin-right:10px;\"><div class=\"ult-just-icon-wrapper  \"><div class=\"align-icon\" style=\"text-align:center;\">\n<div class=\"aio-icon-img \" style=\"font-size:30px;display:inline-block;\" >\n\t<img class=\"img-icon\" alt=\"null\" src=\"https:\/\/culinoa.poush-dev.be\/wp-content\/uploads\/2018\/02\/culinoa-32.png\"\/>\n<\/div><\/div><\/div>\n<\/div><span  data-ultimate-target='#list-icon-wrap-5021 .uavc-list-desc'  data-responsive-json-new='{\"font-size\":\"\",\"line-height\":\"\"}'  class=\"uavc-list-desc ult-responsive\" style=\"\">De bestellingen<\/span><\/div><\/li><li><div class=\"uavc-list-content\" id=\"list-icon-wrap-2779\">\n<div class=\"uavc-list-icon  \" data-animation=\"\" data-animation-delay=\"03\" style=\"margin-right:10px;\"><div class=\"ult-just-icon-wrapper  \"><div class=\"align-icon\" style=\"text-align:center;\">\n<div class=\"aio-icon-img \" style=\"font-size:30px;display:inline-block;\" >\n\t<img class=\"img-icon\" alt=\"null\" src=\"https:\/\/culinoa.poush-dev.be\/wp-content\/uploads\/2018\/02\/culinoa-32.png\"\/>\n<\/div><\/div><\/div>\n<\/div><span  data-ultimate-target='#list-icon-wrap-2779 .uavc-list-desc'  data-responsive-json-new='{\"font-size\":\"\",\"line-height\":\"\"}'  class=\"uavc-list-desc ult-responsive\" style=\"\">De voorraden, inventarissen en financi\u00eble analyses<\/span><\/div><\/li><\/ul><\/div>[\/vc_column_inner][vc_column_inner width=&#8221;1\/2&#8243;]<div class=\"uavc-list-icon uavc-list-icon-wrapper ult-adjust-bottom-margin   \"><ul class=\"uavc-list\"><li><div class=\"uavc-list-content\" id=\"list-icon-wrap-9476\">\n<div class=\"uavc-list-icon  \" data-animation=\"\" data-animation-delay=\"03\" style=\"margin-right:10px;\"><div class=\"ult-just-icon-wrapper  \"><div class=\"align-icon\" style=\"text-align:center;\">\n<div class=\"aio-icon-img \" style=\"font-size:30px;display:inline-block;\" >\n\t<img class=\"img-icon\" alt=\"null\" src=\"https:\/\/culinoa.poush-dev.be\/wp-content\/uploads\/2018\/02\/culinoa-32.png\"\/>\n<\/div><\/div><\/div>\n<\/div><span  data-ultimate-target='#list-icon-wrap-9476 .uavc-list-desc'  data-responsive-json-new='{\"font-size\":\"\",\"line-height\":\"\"}'  class=\"uavc-list-desc ult-responsive\" style=\"\">De kosten<\/span><\/div><\/li><li><div class=\"uavc-list-content\" id=\"list-icon-wrap-3793\">\n<div class=\"uavc-list-icon  \" data-animation=\"\" data-animation-delay=\"03\" style=\"margin-right:10px;\"><div class=\"ult-just-icon-wrapper  \"><div class=\"align-icon\" style=\"text-align:center;\">\n<div class=\"aio-icon-img \" style=\"font-size:30px;display:inline-block;\" >\n\t<img class=\"img-icon\" alt=\"null\" src=\"https:\/\/culinoa.poush-dev.be\/wp-content\/uploads\/2018\/02\/culinoa-32.png\"\/>\n<\/div><\/div><\/div>\n<\/div><span  data-ultimate-target='#list-icon-wrap-3793 .uavc-list-desc'  data-responsive-json-new='{\"font-size\":\"\",\"line-height\":\"\"}'  class=\"uavc-list-desc ult-responsive\" style=\"\">De voedingswaarden en allergenen<\/span><\/div><\/li><li><div class=\"uavc-list-content\" id=\"list-icon-wrap-5289\">\n<div class=\"uavc-list-icon  \" data-animation=\"\" data-animation-delay=\"03\" style=\"margin-right:10px;\"><div class=\"ult-just-icon-wrapper  \"><div class=\"align-icon\" style=\"text-align:center;\">\n<div class=\"aio-icon-img \" style=\"font-size:30px;display:inline-block;\" >\n\t<img class=\"img-icon\" alt=\"null\" src=\"https:\/\/culinoa.poush-dev.be\/wp-content\/uploads\/2018\/02\/culinoa-32.png\"\/>\n<\/div><\/div><\/div>\n<\/div><span  data-ultimate-target='#list-icon-wrap-5289 .uavc-list-desc'  data-responsive-json-new='{\"font-size\":\"\",\"line-height\":\"\"}'  class=\"uavc-list-desc ult-responsive\" style=\"\">De hygi\u00ebne-aanbevelingen van het FAVV voor de ontvangst van de producten, de opslag en de productie<\/span><\/div><\/li><\/ul><\/div>[\/vc_column_inner][\/vc_row_inner][\/vc_column][vc_column css_animation=&#8221;right-to-left&#8221; width=&#8221;1\/3&#8243;][vc_single_image image=&#8221;3398&#8243; img_size=&#8221;920 \u00d7 747&#8243; css_animation=&#8221;left-to-right&#8221; css=&#8221;.vc_custom_1519985894877{margin-bottom: 20px !important;}&#8221;][\/vc_column][\/vc_row]<\/p>\n<\/div>","protected":false},"excerpt":{"rendered":"<p>[vc_row css=&#8221;.vc_custom_1519917515667{margin-bottom: 30px !important;}&#8221;][vc_column css_animation=&#8221;appear&#8221; width=&#8221;2\/3&#8243; css=&#8221;.vc_custom_1519834912698{border-top-width: 2px !important;border-right-width: 2px !important;border-bottom-width: 2px !important;border-left-width: 2px !important;padding-top: 25px !important;padding-right: 25px !important;padding-bottom: 25px !important;padding-left: 25px !important;border-left-color: rgba(97,122,125,0.2) !important;border-left-style: dotted !important;border-right-color: rgba(97,122,125,0.2) !important;border-right-style: dotted !important;border-top-color: rgba(97,122,125,0.2) !important;border-top-style: dotted !important;border-bottom-color: rgba(97,122,125,0.2) !important;border-bottom-style: dotted !important;}&#8221;][\/vc_column][vc_column width=&#8221;1\/3&#8243;][vc_widget_sidebar sidebar_id=&#8221;sidebar_4&#8243;][\/vc_column][\/vc_row][vc_row bg_type=&#8221;bg_color&#8221;][vc_column css_animation=&#8221;left-to-right&#8221; width=&#8221;1\/6&#8243; el_class=&#8221;custom-zindex&#8221;][\/vc_column][vc_column css_animation=&#8221;none&#8221; width=&#8221;1\/3&#8243;][vc_single_image image=&#8221;3451&#8243; img_size=&#8221;full&#8221; css_animation=&#8221;left-to-right&#8221;][\/vc_column][vc_column width=&#8221;1\/2&#8243;][vc_column_text] Zijn beheer ver\u00e9\u00e9nvoudigen voor&hellip;<\/p>\n","protected":false},"author":2,"featured_media":0,"parent":4119,"menu_order":3,"comment_status":"closed","ping_status":"closed","template":"","meta":{"inline_featured_image":false,"footnotes":""},"yoast_head":"<!-- This site is optimized with the Yoast SEO plugin v22.6 - https:\/\/yoast.com\/wordpress\/plugins\/seo\/ -->\n<title>Culinoa | Oplossing voor het beheer van gemeenschapskeukens.<\/title>\n<meta name=\"description\" content=\"Op een \u00e9\u00e9nvoudige manier het beheer van zijn keuken informatiseren en de kwaliteit verbeteren ? Oplossing voor het beheer van gemeenschapskeukens.\" \/>\n<meta name=\"robots\" content=\"noindex, follow, max-snippet:-1, max-image-preview:large, max-video-preview:-1\" \/>\n<meta property=\"og:locale\" content=\"nl_BE\" \/>\n<meta property=\"og:type\" content=\"article\" \/>\n<meta property=\"og:title\" content=\"Culinoa | Oplossing voor het beheer van gemeenschapskeukens.\" \/>\n<meta property=\"og:description\" content=\"Op een \u00e9\u00e9nvoudige manier het beheer van zijn keuken informatiseren en de kwaliteit verbeteren ? Oplossing voor het beheer van gemeenschapskeukens.\" \/>\n<meta property=\"og:url\" content=\"https:\/\/culinoa.poush-dev.be\/nl\/diensten\/oplossing-voor-het-beheer\/\" \/>\n<meta property=\"og:site_name\" content=\"Culinoa\" \/>\n<meta property=\"article:publisher\" content=\"https:\/\/www.facebook.com\/culinoa\" \/>\n<meta property=\"article:modified_time\" content=\"2021-12-15T08:54:58+00:00\" \/>\n<meta name=\"twitter:card\" content=\"summary_large_image\" \/>\n<meta name=\"twitter:label1\" content=\"Geschatte leestijd\" \/>\n\t<meta name=\"twitter:data1\" content=\"7 minuten\" \/>\n<script type=\"application\/ld+json\" class=\"yoast-schema-graph\">{\"@context\":\"https:\/\/schema.org\",\"@graph\":[{\"@type\":\"WebPage\",\"@id\":\"https:\/\/culinoa.poush-dev.be\/nl\/diensten\/oplossing-voor-het-beheer\/\",\"url\":\"https:\/\/culinoa.poush-dev.be\/nl\/diensten\/oplossing-voor-het-beheer\/\",\"name\":\"Culinoa | Oplossing voor het beheer van gemeenschapskeukens.\",\"isPartOf\":{\"@id\":\"https:\/\/culinoa.poush-dev.be\/nl\/#website\"},\"datePublished\":\"2020-08-11T09:10:50+00:00\",\"dateModified\":\"2021-12-15T08:54:58+00:00\",\"description\":\"Op een \u00e9\u00e9nvoudige manier het beheer van zijn keuken informatiseren en de kwaliteit verbeteren ? Oplossing voor het beheer van gemeenschapskeukens.\",\"breadcrumb\":{\"@id\":\"https:\/\/culinoa.poush-dev.be\/nl\/diensten\/oplossing-voor-het-beheer\/#breadcrumb\"},\"inLanguage\":\"nl-BE\",\"potentialAction\":[{\"@type\":\"ReadAction\",\"target\":[\"https:\/\/culinoa.poush-dev.be\/nl\/diensten\/oplossing-voor-het-beheer\/\"]}]},{\"@type\":\"BreadcrumbList\",\"@id\":\"https:\/\/culinoa.poush-dev.be\/nl\/diensten\/oplossing-voor-het-beheer\/#breadcrumb\",\"itemListElement\":[{\"@type\":\"ListItem\",\"position\":1,\"name\":\"Accueil\",\"item\":\"https:\/\/culinoa.poush-dev.be\/nl\/\"},{\"@type\":\"ListItem\",\"position\":2,\"name\":\"Diensten\",\"item\":\"https:\/\/culinoa.poush-dev.be\/nl\/diensten\/\"},{\"@type\":\"ListItem\",\"position\":3,\"name\":\"Beheersoplossing.\"}]},{\"@type\":\"WebSite\",\"@id\":\"https:\/\/culinoa.poush-dev.be\/nl\/#website\",\"url\":\"https:\/\/culinoa.poush-dev.be\/nl\/\",\"name\":\"Culinoa\",\"description\":\"\",\"potentialAction\":[{\"@type\":\"SearchAction\",\"target\":{\"@type\":\"EntryPoint\",\"urlTemplate\":\"https:\/\/culinoa.poush-dev.be\/nl\/?s={search_term_string}\"},\"query-input\":\"required name=search_term_string\"}],\"inLanguage\":\"nl-BE\"}]}<\/script>\n<!-- \/ Yoast SEO plugin. -->","yoast_head_json":{"title":"Culinoa | Oplossing voor het beheer van gemeenschapskeukens.","description":"Op een \u00e9\u00e9nvoudige manier het beheer van zijn keuken informatiseren en de kwaliteit verbeteren ? Oplossing voor het beheer van gemeenschapskeukens.","robots":{"index":"noindex","follow":"follow","max-snippet":"max-snippet:-1","max-image-preview":"max-image-preview:large","max-video-preview":"max-video-preview:-1"},"og_locale":"nl_BE","og_type":"article","og_title":"Culinoa | Oplossing voor het beheer van gemeenschapskeukens.","og_description":"Op een \u00e9\u00e9nvoudige manier het beheer van zijn keuken informatiseren en de kwaliteit verbeteren ? Oplossing voor het beheer van gemeenschapskeukens.","og_url":"https:\/\/culinoa.poush-dev.be\/nl\/diensten\/oplossing-voor-het-beheer\/","og_site_name":"Culinoa","article_publisher":"https:\/\/www.facebook.com\/culinoa","article_modified_time":"2021-12-15T08:54:58+00:00","twitter_card":"summary_large_image","twitter_misc":{"Geschatte leestijd":"7 minuten"},"schema":{"@context":"https:\/\/schema.org","@graph":[{"@type":"WebPage","@id":"https:\/\/culinoa.poush-dev.be\/nl\/diensten\/oplossing-voor-het-beheer\/","url":"https:\/\/culinoa.poush-dev.be\/nl\/diensten\/oplossing-voor-het-beheer\/","name":"Culinoa | Oplossing voor het beheer van gemeenschapskeukens.","isPartOf":{"@id":"https:\/\/culinoa.poush-dev.be\/nl\/#website"},"datePublished":"2020-08-11T09:10:50+00:00","dateModified":"2021-12-15T08:54:58+00:00","description":"Op een \u00e9\u00e9nvoudige manier het beheer van zijn keuken informatiseren en de kwaliteit verbeteren ? Oplossing voor het beheer van gemeenschapskeukens.","breadcrumb":{"@id":"https:\/\/culinoa.poush-dev.be\/nl\/diensten\/oplossing-voor-het-beheer\/#breadcrumb"},"inLanguage":"nl-BE","potentialAction":[{"@type":"ReadAction","target":["https:\/\/culinoa.poush-dev.be\/nl\/diensten\/oplossing-voor-het-beheer\/"]}]},{"@type":"BreadcrumbList","@id":"https:\/\/culinoa.poush-dev.be\/nl\/diensten\/oplossing-voor-het-beheer\/#breadcrumb","itemListElement":[{"@type":"ListItem","position":1,"name":"Accueil","item":"https:\/\/culinoa.poush-dev.be\/nl\/"},{"@type":"ListItem","position":2,"name":"Diensten","item":"https:\/\/culinoa.poush-dev.be\/nl\/diensten\/"},{"@type":"ListItem","position":3,"name":"Beheersoplossing."}]},{"@type":"WebSite","@id":"https:\/\/culinoa.poush-dev.be\/nl\/#website","url":"https:\/\/culinoa.poush-dev.be\/nl\/","name":"Culinoa","description":"","potentialAction":[{"@type":"SearchAction","target":{"@type":"EntryPoint","urlTemplate":"https:\/\/culinoa.poush-dev.be\/nl\/?s={search_term_string}"},"query-input":"required name=search_term_string"}],"inLanguage":"nl-BE"}]}},"_links":{"self":[{"href":"https:\/\/culinoa.poush-dev.be\/nl\/wp-json\/wp\/v2\/pages\/4034"}],"collection":[{"href":"https:\/\/culinoa.poush-dev.be\/nl\/wp-json\/wp\/v2\/pages"}],"about":[{"href":"https:\/\/culinoa.poush-dev.be\/nl\/wp-json\/wp\/v2\/types\/page"}],"author":[{"embeddable":true,"href":"https:\/\/culinoa.poush-dev.be\/nl\/wp-json\/wp\/v2\/users\/2"}],"replies":[{"embeddable":true,"href":"https:\/\/culinoa.poush-dev.be\/nl\/wp-json\/wp\/v2\/comments?post=4034"}],"version-history":[{"count":6,"href":"https:\/\/culinoa.poush-dev.be\/nl\/wp-json\/wp\/v2\/pages\/4034\/revisions"}],"predecessor-version":[{"id":8315,"href":"https:\/\/culinoa.poush-dev.be\/nl\/wp-json\/wp\/v2\/pages\/4034\/revisions\/8315"}],"up":[{"embeddable":true,"href":"https:\/\/culinoa.poush-dev.be\/nl\/wp-json\/wp\/v2\/pages\/4119"}],"wp:attachment":[{"href":"https:\/\/culinoa.poush-dev.be\/nl\/wp-json\/wp\/v2\/media?parent=4034"}],"curies":[{"name":"wp","href":"https:\/\/api.w.org\/{rel}","templated":true}]}}